{"id":17806,"date":"2016-12-30T18:28:13","date_gmt":"2016-12-30T17:28:13","guid":{"rendered":"https:\/\/pocketweb.de\/?page_id=17806"},"modified":"2021-04-09T00:48:01","modified_gmt":"2021-04-08T23:48:01","slug":"pricing","status":"publish","type":"page","link":"https:\/\/www.pocketweb.de\/en\/pricing","title":{"rendered":"Pricing"},"content":{"rendered":"<p>[vc_row css_animation=&#8221;&#8221; row_type=&#8221;row&#8221; use_row_as_full_screen_section=&#8221;yes&#8221; type=&#8221;full_width&#8221; angled_section=&#8221;no&#8221; text_align=&#8221;left&#8221; background_image=&#8221;17771&#8243; background_image_as_pattern=&#8221;without_pattern&#8221; background_color=&#8221;#0a0a0a&#8221; side_padding=&#8221;0&#8243; el_class=&#8221;pw_hero_autosize&#8221; css=&#8221;.vc_custom_1483119347226{margin-right: 0px !important;margin-left: 0px !important;padding-right: 0px !important;padding-left: 0px !important;}&#8221;][vc_column el_class=&#8221;typeContainer&#8221; css=&#8221;.vc_custom_1483036454856{margin-right: 0px !important;margin-left: 0px !important;padding-right: 0px !important;padding-left: 0px !important;}&#8221;][vc_column_text el_class=&#8221;noTypeDark&#8221;]<\/p>\n<h1>Our\u00a0mobile competence\u00a0is like\u00a0a red thread: starting\u00a0with design and conceptual specification,\u00a0selection of the right technology stack,\u00a0implementation through to professional operations\u00a0and continuation of development after the initial launch.<\/h1>\n<h1>Talk to us:<\/h1>\n<h1>App development:\u00a0<span class=\"s1\">native \/ hybrid\u00a0\/\u00a0ionic\u00a0\/ iOS \/ Android \/ Windows Phone<\/span><\/h1>\n<h1 class=\"p2\"><span class=\"s1\">Web development:\u00a0<\/span><span class=\"s1\">responsive \/\u00a0angular\u00a0\/\u00a0<\/span><span class=\"s2\">react<\/span><span class=\"s1\">\u00a0\/ bootstrap \/ CMS<\/span><\/h1>\n<h1 class=\"p2\"><span class=\"s1\">APIs:\u00a0<\/span><span class=\"s1\">JSON \/ REST \/ SOAP \/ XML<\/span><\/h1>\n<h1 class=\"p2\"><span class=\"s1\">Backend development:\u00a0<\/span><span class=\"s1\">high performance \/\u00a0scalable architectures \/\u00a0<\/span><span class=\"s2\">security standards<\/span><\/h1>\n<h1 class=\"p2\"><span class=\"s1\">Cloud Hosting:\u00a0<\/span><span class=\"s1\">S3 \/ EC2 \/ CDNs \/ load balancing<\/span><\/h1>\n<h1 class=\"p2\"><span class=\"s1\">Operations:\u00a0<\/span><span class=\"s1\">Hosting \/ operations \/ support \/ maintenance \/ backup\u00a0 \/ monitoring<\/span><\/h1>\n<h1 class=\"p2\"><span class=\"s1\">Methodologies:\u00a0<\/span><span class=\"s1\">Test-Driven-Development \/ SCRUM \/ TQM<\/span><\/h1>\n<h1 class=\"p2\"><span class=\"s1\">Professional:\u00a0<\/span><span class=\"s1\">UI-Design \/ User Experience \/\u00a0Concepts \/ project management \/ community management \/ release\u00a0planning\/ roadmap<\/span><\/h1>\n<p>[\/vc_column_text][vc_single_image image=&#8221;17823&#8243; img_size=&#8221;large&#8221; alignment=&#8221;center&#8221; qode_css_animation=&#8221;&#8221; css=&#8221;.vc_custom_1617925319756{margin-top: -50px !important;border-top-width: 0px !important;padding-top: 0px !important;}&#8221;][vc_empty_space height=&#8221;60px&#8221;][\/vc_column][\/vc_row][vc_row css_animation=&#8221;&#8221; row_type=&#8221;row&#8221; use_row_as_full_screen_section=&#8221;no&#8221; type=&#8221;full_width&#8221; angled_section=&#8221;no&#8221; text_align=&#8221;left&#8221; background_image=&#8221;17670&#8243; background_image_as_pattern=&#8221;without_pattern&#8221; side_padding=&#8221;0&#8243; css=&#8221;.vc_custom_1487347626254{margin-right: 0px !important;margin-left: 0px !important;padding-right: 0px !important;padding-left: 0px !important;}&#8221; el_class=&#8221;addToFooter&#8221;][vc_column css=&#8221;.vc_custom_1483534499075{margin-right: 0px !important;margin-left: 0px !important;padding-right: 0px !important;padding-left: 0px !important;}&#8221; el_class=&#8221;h1Container&#8221;][vc_column_text css=&#8221;.vc_custom_1513689502339{margin-top: 60px !important;margin-right: 0px !important;margin-bottom: 60px !important;margin-left: 0px !important;padding-top: 0px !important;padding-right: 0px !important;padding-left: 0px !important;}&#8221;]<\/p>\n<h1 style=\"text-align: center;\"><span style=\"color: #ffffff;\"><strong>Contact us<\/strong><\/span><strong><span style=\"color: #ffffff;\">:<\/span> <span style=\"color: #00ff00;\"><a style=\"color: #00ff00;\" href=\"mailto:letsstart@pocketweb.de\">letsstart@pocketweb.de<\/a><\/span><\/strong><\/h1>\n<p>[\/vc_column_text][\/vc_column][\/vc_row]<\/p>","protected":false},"excerpt":{"rendered":"<p>[vc_row css_animation=&#8221;&#8221; row_type=&#8221;row&#8221; use_row_as_full_screen_section=&#8221;yes&#8221; type=&#8221;full_width&#8221; angled_section=&#8221;no&#8221; text_align=&#8221;left&#8221; background_image=&#8221;17771&#8243; background_image_as_pattern=&#8221;without_pattern&#8221; background_color=&#8221;#0a0a0a&#8221; side_padding=&#8221;0&#8243; el_class=&#8221;pw_hero_autosize&#8221; css=&#8221;.vc_custom_1483119347226{margin-right: 0px !important;margin-left: 0px !important;padding-right: 0px !important;padding-left: 0px !important;}&#8221;][vc_column el_class=&#8221;typeContainer&#8221; css=&#8221;.vc_custom_1483036454856{margin-right: 0px !important;margin-left: 0px !important;padding-right: 0px !important;padding-left: 0px !important;}&#8221;][vc_column_text el_class=&#8221;noTypeDark&#8221;] Our\u00a0mobile competence\u00a0is like\u00a0a red thread: starting\u00a0with design and conceptual specification,\u00a0selection of the right&#8230;<\/p>\n","protected":false},"author":2,"featured_media":0,"parent":0,"menu_order":0,"comment_status":"open","ping_status":"open","template":"full_width.php","meta":[],"yoast_head":"<!-- This site is optimized with the Yoast SEO plugin v16.1.1 - https:\/\/yoast.com\/wordpress\/plugins\/seo\/ -->\n<title>Get started: our approach to PocketwebGet started: our approach to Pocketweb<\/title>\n<meta name=\"description\" content=\"Get started and get an early overview of the technical options and effort components. Your basis for selecting the right partner.\" \/>\n<link rel=\"canonical\" href=\"https:\/\/www.pocketweb.de\/pricing\" \/>\n<meta property=\"og:locale\" content=\"en_US\" \/>\n<meta property=\"og:type\" content=\"article\" \/>\n<meta property=\"og:title\" content=\"[:de]Loslegen: unser Vorgehen bei PocketwebLoslegen: unser Vorgehen bei PocketwebLoslegen: unser Vorgehen bei PocketwebLoslegen: unser Vorgehen bei Pocketweb[:en]Get started: our approach to PocketwebGet started: our approach to Pocketweb[:]\" \/>\n<meta property=\"og:description\" content=\"{:de}Loslegen und fr\u00fchzeitig einen \u00dcberblick der technischen Optionen und der Aufwandskomponenten erhalten. Ihre Basis f\u00fcr die Auswahl des richtigen Partners.Loslegen und fr\u00fchzeitig einen \u00dcberblick der technischen Optionen und der Aufwandskomponenten erhalten. Ihre Basis f\u00fcr die Auswahl des richtigen Partners.Loslegen und fr\u00fchzeitig einen \u00dcberblick der technischen Optionen und der Aufwandskomponenten erhalten. Ihre Basis f\u00fcr die Auswahl des richtigen Partners.{:en}Get started and get an early overview of the technical options and effort components. Your basis for selecting the right partner.{:}\" \/>\n<meta property=\"og:url\" content=\"https:\/\/www.pocketweb.de\/pricing\" \/>\n<meta property=\"og:site_name\" content=\"Pocketweb\" \/>\n<meta property=\"article:publisher\" content=\"http:\/\/www.facebook.com\/pages\/Pocketweb\/112679875426520?ref=mf\" \/>\n<meta property=\"article:modified_time\" content=\"2021-04-08T23:48:01+00:00\" \/>\n<meta name=\"twitter:label1\" content=\"Est. reading time\">\n\t<meta name=\"twitter:data1\" content=\"1 minute\">\n<script type=\"application\/ld+json\" class=\"yoast-schema-graph\">{\"@context\":\"https:\/\/schema.org\",\"@graph\":[{\"@type\":\"Organization\",\"@id\":\"https:\/\/www.pocketweb.de\/en\/#organization\",\"name\":\"Pocketweb GmbH\",\"url\":\"https:\/\/www.pocketweb.de\/en\/\",\"sameAs\":[\"http:\/\/www.facebook.com\/pages\/Pocketweb\/112679875426520?ref=mf\",\"https:\/\/twitter.com\/pocketweb_tweet\"],\"logo\":{\"@type\":\"ImageObject\",\"@id\":\"https:\/\/www.pocketweb.de\/en\/#logo\",\"inLanguage\":\"en-US\",\"url\":\"https:\/\/pocketweb.de\/wp-content\/uploads\/2014\/07\/pocketweb-logo-72dpi.jpg\",\"contentUrl\":\"https:\/\/pocketweb.de\/wp-content\/uploads\/2014\/07\/pocketweb-logo-72dpi.jpg\",\"width\":169,\"height\":33,\"caption\":\"Pocketweb GmbH\"},\"image\":{\"@id\":\"https:\/\/www.pocketweb.de\/en\/#logo\"}},{\"@type\":\"WebSite\",\"@id\":\"https:\/\/www.pocketweb.de\/en\/#website\",\"url\":\"https:\/\/www.pocketweb.de\/en\/\",\"name\":\"Pocketweb\",\"description\":\"App Entwicklung\",\"publisher\":{\"@id\":\"https:\/\/www.pocketweb.de\/en\/#organization\"},\"potentialAction\":[{\"@type\":\"SearchAction\",\"target\":\"https:\/\/www.pocketweb.de\/en\/?s={search_term_string}\",\"query-input\":\"required name=search_term_string\"}],\"inLanguage\":\"en-US\"},{\"@type\":\"WebPage\",\"@id\":\"https:\/\/www.pocketweb.de\/pricing#webpage\",\"url\":\"https:\/\/www.pocketweb.de\/pricing\",\"name\":\"[:de]Loslegen: unser Vorgehen bei PocketwebLoslegen: unser Vorgehen bei PocketwebLoslegen: unser Vorgehen bei PocketwebLoslegen: unser Vorgehen bei Pocketweb[:en]Get started: our approach to PocketwebGet started: our approach to Pocketweb[:]\",\"isPartOf\":{\"@id\":\"https:\/\/www.pocketweb.de\/en\/#website\"},\"datePublished\":\"2016-12-30T17:28:13+00:00\",\"dateModified\":\"2021-04-08T23:48:01+00:00\",\"description\":\"{:de}Loslegen und fr\\u00fchzeitig einen \\u00dcberblick der technischen Optionen und der Aufwandskomponenten erhalten. Ihre Basis f\\u00fcr die Auswahl des richtigen Partners.Loslegen und fr\\u00fchzeitig einen \\u00dcberblick der technischen Optionen und der Aufwandskomponenten erhalten. Ihre Basis f\\u00fcr die Auswahl des richtigen Partners.Loslegen und fr\\u00fchzeitig einen \\u00dcberblick der technischen Optionen und der Aufwandskomponenten erhalten. Ihre Basis f\\u00fcr die Auswahl des richtigen Partners.{:en}Get started and get an early overview of the technical options and effort components. Your basis for selecting the right partner.{:}\",\"breadcrumb\":{\"@id\":\"https:\/\/www.pocketweb.de\/pricing#breadcrumb\"},\"inLanguage\":\"en-US\",\"potentialAction\":[{\"@type\":\"ReadAction\",\"target\":[\"https:\/\/www.pocketweb.de\/pricing\"]}]},{\"@type\":\"BreadcrumbList\",\"@id\":\"https:\/\/www.pocketweb.de\/pricing#breadcrumb\",\"itemListElement\":[{\"@type\":\"ListItem\",\"position\":1,\"item\":{\"@type\":\"WebPage\",\"@id\":\"https:\/\/www.pocketweb.de\/\",\"url\":\"https:\/\/www.pocketweb.de\/\",\"name\":\"Home\"}},{\"@type\":\"ListItem\",\"position\":2,\"item\":{\"@type\":\"WebPage\",\"@id\":\"https:\/\/www.pocketweb.de\/pricing\",\"url\":\"https:\/\/www.pocketweb.de\/pricing\",\"name\":\"Kosten\"}}]}]}<\/script>\n<!-- \/ Yoast SEO plugin. -->","_links":{"self":[{"href":"https:\/\/www.pocketweb.de\/en\/wp-json\/wp\/v2\/pages\/17806"}],"collection":[{"href":"https:\/\/www.pocketweb.de\/en\/wp-json\/wp\/v2\/pages"}],"about":[{"href":"https:\/\/www.pocketweb.de\/en\/wp-json\/wp\/v2\/types\/page"}],"author":[{"embeddable":true,"href":"https:\/\/www.pocketweb.de\/en\/wp-json\/wp\/v2\/users\/2"}],"replies":[{"embeddable":true,"href":"https:\/\/www.pocketweb.de\/en\/wp-json\/wp\/v2\/comments?post=17806"}],"version-history":[{"count":51,"href":"https:\/\/www.pocketweb.de\/en\/wp-json\/wp\/v2\/pages\/17806\/revisions"}],"predecessor-version":[{"id":18792,"href":"https:\/\/www.pocketweb.de\/en\/wp-json\/wp\/v2\/pages\/17806\/revisions\/18792"}],"wp:attachment":[{"href":"https:\/\/www.pocketweb.de\/en\/wp-json\/wp\/v2\/media?parent=17806"}],"curies":[{"name":"wp","href":"https:\/\/api.w.org\/{rel}","templated":true}]}}