{"id":15359,"date":"2014-05-05T11:29:07","date_gmt":"2014-05-05T11:29:07","guid":{"rendered":"http:\/\/demo.qodeinteractive.com\/bridge26\/?page_id=15284"},"modified":"2021-04-09T01:18:15","modified_gmt":"2021-04-09T00:18:15","slug":"agentur","status":"publish","type":"page","link":"https:\/\/www.pocketweb.de\/en\/agentur","title":{"rendered":"We"},"content":{"rendered":"<p>[vc_row css_animation=&#8221;&#8221; row_type=&#8221;row&#8221; use_row_as_full_screen_section=&#8221;yes&#8221; type=&#8221;full_width&#8221; angled_section=&#8221;no&#8221; text_align=&#8221;left&#8221; background_image=&#8221;17771&#8243; background_image_as_pattern=&#8221;without_pattern&#8221; background_color=&#8221;#0a0a0a&#8221; side_padding=&#8221;0&#8243; el_class=&#8221;pw_hero_autosize&#8221; css=&#8221;.vc_custom_1483119347226{margin-right: 0px !important;margin-left: 0px !important;padding-right: 0px !important;padding-left: 0px !important;}&#8221;][vc_column el_class=&#8221;typeContainer&#8221; css=&#8221;.vc_custom_1483036454856{margin-right: 0px !important;margin-left: 0px !important;padding-right: 0px !important;padding-left: 0px !important;}&#8221;][vc_column_text el_class=&#8221;noTypeDark&#8221;]<\/p>\n<h1>The agency\u00a0PocketWeb was founded by experienced developers in 2008.<\/h1>\n<h1><span style=\"color: #868686;\">Our client portfolio ranges from startups\u00a0to medium sized companies, large international corporations\u00a0and creative agencies.<\/span><\/h1>\n<h1>PocketWeb covers the entire development chain\u00a0with frontend and backend\u00a0development for various industrial\u00a0requirements.<\/h1>\n<h1><span style=\"color: #868686;\">We comply with highest quality standards f\u00fcr demanding\u00a0<span style=\"color: #24ccfc;\">specialised applications<\/span>\u00a0like medical applications\u00a0and also deliver professional\u00a0operations &#8211; locally and internationally.<\/span><\/h1>\n<h1>Our\u00a0methodologies\u00a0and tailored\u00a0services guaranty\u00a0your success &#8211; starting\u00a0with definition of requirements\u00a0through to\u00a0live operations in production.<\/h1>\n<h1><span style=\"color: #868686;\">We\u00a0create your apps\u00a0and responsive web solutions with specialised and experienced graphical and UX designers,\u00a0that are easily understood\u00a0by\u00a0<span style=\"color: #98fc31;\">generation mobile<\/span>.<\/span><\/h1>\n<h1>Rewards\u00a0and\u00a0competitions\u00a0like the\u00a0 \u201eGlobal Innovators Award\u201c\u00a0or the\u00a0\u201eSatellite Competition\u00a0by ESA\u201c are our motivation.<\/h1>\n<h1><\/h1>\n<p>[\/vc_column_text][\/vc_column][\/vc_row][vc_row css_animation=&#8221;&#8221; row_type=&#8221;row&#8221; use_row_as_full_screen_section=&#8221;no&#8221; type=&#8221;full_width&#8221; angled_section=&#8221;no&#8221; text_align=&#8221;left&#8221; background_image=&#8221;17670&#8243; background_image_as_pattern=&#8221;without_pattern&#8221; side_padding=&#8221;0&#8243; css=&#8221;.vc_custom_1483534204670{margin-right: 0px !important;margin-left: 0px !important;padding-right: 0px !important;padding-left: 0px !important;}&#8221;][vc_column css=&#8221;.vc_custom_1483534499075{margin-right: 0px !important;margin-left: 0px !important;padding-right: 0px !important;padding-left: 0px !important;}&#8221; el_class=&#8221;h1Container&#8221;][vc_column_text css=&#8221;.vc_custom_1617925569486{margin-top: 60px !important;margin-right: 0px !important;margin-bottom: 60px !important;margin-left: 0px !important;padding-top: 0px !important;padding-right: 0px !important;padding-left: 0px !important;}&#8221;]<\/p>\n<h1 style=\"text-align: center;\"><strong><span style=\"font-family: Karla, sans-serif;\"><span style=\"color: #ffffff;\">Call us:<\/span>\u00a0<span style=\"color: #24ccfc;\"><a style=\"text-decoration: none; color: #24ccfc!important;\" href=\"tel:+491714808988\">+49171\u00a0&#8211; 480 89 88<br \/>\n<\/a><\/span><\/span><\/strong><strong><span style=\"font-family: Karla, sans-serif;\"><span style=\"color: #ffffff;\">or:<\/span> <a href=\"mailto:letsstart@pocketweb.de\"><span style=\"color: #98fc31;\">letsstart@pocketweb.de<\/span><\/a><\/span><\/strong><\/h1>\n<p>[\/vc_column_text][\/vc_column][\/vc_row]<\/p>","protected":false},"excerpt":{"rendered":"<p>[vc_row css_animation=&#8221;&#8221; row_type=&#8221;row&#8221; use_row_as_full_screen_section=&#8221;yes&#8221; type=&#8221;full_width&#8221; angled_section=&#8221;no&#8221; text_align=&#8221;left&#8221; background_image=&#8221;17771&#8243; background_image_as_pattern=&#8221;without_pattern&#8221; background_color=&#8221;#0a0a0a&#8221; side_padding=&#8221;0&#8243; el_class=&#8221;pw_hero_autosize&#8221; css=&#8221;.vc_custom_1483119347226{margin-right: 0px !important;margin-left: 0px !important;padding-right: 0px !important;padding-left: 0px !important;}&#8221;][vc_column el_class=&#8221;typeContainer&#8221; css=&#8221;.vc_custom_1483036454856{margin-right: 0px !important;margin-left: 0px !important;padding-right: 0px !important;padding-left: 0px !important;}&#8221;][vc_column_text el_class=&#8221;noTypeDark&#8221;] The agency\u00a0PocketWeb was founded by experienced developers in 2008. Our client portfolio ranges&#8230;<\/p>\n","protected":false},"author":1,"featured_media":0,"parent":0,"menu_order":0,"comment_status":"open","ping_status":"open","template":"full_width.php","meta":[],"yoast_head":"<!-- This site is optimized with the Yoast SEO plugin v16.1.1 - https:\/\/yoast.com\/wordpress\/plugins\/seo\/ -->\n<title>Agency for app development<\/title>\n<meta name=\"description\" content=\"Die mehrfach ausgezeichnete Agentur in Berlin, Deutschland und Christchurch, Neuseeland f\u00fcr f\u00fchrende mobile L\u00f6sungen und Location Based Services. Profitieren Sie von unseren zahlreichen Erfahrungen.\" \/>\n<link rel=\"canonical\" href=\"https:\/\/www.pocketweb.de\/agentur\" \/>\n<meta property=\"og:locale\" content=\"en_US\" \/>\n<meta property=\"og:type\" content=\"article\" \/>\n<meta property=\"og:title\" content=\"[:de]Agentur f\u00fcr App Programmierung[:en]Agency for app development[:]\" \/>\n<meta property=\"og:description\" content=\"{:de}Die mehrfach ausgezeichnete Agentur in Berlin, Deutschland und Christchurch, Neuseeland f\u00fcr f\u00fchrende mobile L\u00f6sungen und Location Based Services. Profitieren Sie von unseren zahlreichen Erfahrungen.Die mehrfach ausgezeichnete Agentur in Berlin, Deutschland und Christchurch, Neuseeland f\u00fcr f\u00fchrende mobile L\u00f6sungen und Location Based Services. Profitieren Sie von unseren zahlreichen Erfahrungen.Die mehrfach ausgezeichnete Agentur in Berlin, Deutschland und Christchurch, Neuseeland f\u00fcr f\u00fchrende mobile L\u00f6sungen und Location Based Services. Profitieren Sie von unseren zahlreichen ErfahrungenDie mehrfach ausgezeichnete Agentur in Berlin, Deutschland und Christchurch, Neuseeland f\u00fcr f\u00fchrende mobile L\u00f6sungen und Location Based Services. Profitieren Sie von unseren zahlreichen Erfahrungen. We We {:en}{:de}Die mehrfach ausgezeichnete Agentur in Berlin, Deutschland und Christchurch, Neuseeland f\u00fcr f\u00fchrende mobile L\u00f6sungen und Location Based Services. Profitieren Sie von unseren zahlreichen Erfahrungen.{:en}Die mehrfach ausgezeichnete Agentur in Berlin, Deutschland und Christchurch, Neuseeland f\u00fcr f\u00fchrende mobile L\u00f6sungen und Location Based Services. Profitieren Sie von unseren zahlreichen Erfahrungen.{:}{:}\" \/>\n<meta property=\"og:url\" content=\"https:\/\/www.pocketweb.de\/agentur\" \/>\n<meta property=\"og:site_name\" content=\"Pocketweb\" \/>\n<meta property=\"article:publisher\" content=\"http:\/\/www.facebook.com\/pages\/Pocketweb\/112679875426520?ref=mf\" \/>\n<meta property=\"article:modified_time\" content=\"2021-04-09T00:18:15+00:00\" \/>\n<meta name=\"twitter:label1\" content=\"Est. reading time\">\n\t<meta name=\"twitter:data1\" content=\"1 minute\">\n<script type=\"application\/ld+json\" class=\"yoast-schema-graph\">{\"@context\":\"https:\/\/schema.org\",\"@graph\":[{\"@type\":\"Organization\",\"@id\":\"https:\/\/www.pocketweb.de\/en\/#organization\",\"name\":\"Pocketweb GmbH\",\"url\":\"https:\/\/www.pocketweb.de\/en\/\",\"sameAs\":[\"http:\/\/www.facebook.com\/pages\/Pocketweb\/112679875426520?ref=mf\",\"https:\/\/twitter.com\/pocketweb_tweet\"],\"logo\":{\"@type\":\"ImageObject\",\"@id\":\"https:\/\/www.pocketweb.de\/en\/#logo\",\"inLanguage\":\"en-US\",\"url\":\"https:\/\/pocketweb.de\/wp-content\/uploads\/2014\/07\/pocketweb-logo-72dpi.jpg\",\"contentUrl\":\"https:\/\/pocketweb.de\/wp-content\/uploads\/2014\/07\/pocketweb-logo-72dpi.jpg\",\"width\":169,\"height\":33,\"caption\":\"Pocketweb GmbH\"},\"image\":{\"@id\":\"https:\/\/www.pocketweb.de\/en\/#logo\"}},{\"@type\":\"WebSite\",\"@id\":\"https:\/\/www.pocketweb.de\/en\/#website\",\"url\":\"https:\/\/www.pocketweb.de\/en\/\",\"name\":\"Pocketweb\",\"description\":\"App Entwicklung\",\"publisher\":{\"@id\":\"https:\/\/www.pocketweb.de\/en\/#organization\"},\"potentialAction\":[{\"@type\":\"SearchAction\",\"target\":\"https:\/\/www.pocketweb.de\/en\/?s={search_term_string}\",\"query-input\":\"required name=search_term_string\"}],\"inLanguage\":\"en-US\"},{\"@type\":\"WebPage\",\"@id\":\"https:\/\/www.pocketweb.de\/agentur#webpage\",\"url\":\"https:\/\/www.pocketweb.de\/agentur\",\"name\":\"[:de]Agentur f\\u00fcr App Programmierung[:en]Agency for app development[:]\",\"isPartOf\":{\"@id\":\"https:\/\/www.pocketweb.de\/en\/#website\"},\"datePublished\":\"2014-05-05T11:29:07+00:00\",\"dateModified\":\"2021-04-09T00:18:15+00:00\",\"description\":\"{:de}Die mehrfach ausgezeichnete Agentur in Berlin, Deutschland und Christchurch, Neuseeland f\\u00fcr f\\u00fchrende mobile L\\u00f6sungen und Location Based Services. Profitieren Sie von unseren zahlreichen Erfahrungen.Die mehrfach ausgezeichnete Agentur in Berlin, Deutschland und Christchurch, Neuseeland f\\u00fcr f\\u00fchrende mobile L\\u00f6sungen und Location Based Services. Profitieren Sie von unseren zahlreichen Erfahrungen.Die mehrfach ausgezeichnete Agentur in Berlin, Deutschland und Christchurch, Neuseeland f\\u00fcr f\\u00fchrende mobile L\\u00f6sungen und Location Based Services. Profitieren Sie von unseren zahlreichen ErfahrungenDie mehrfach ausgezeichnete Agentur in Berlin, Deutschland und Christchurch, Neuseeland f\\u00fcr f\\u00fchrende mobile L\\u00f6sungen und Location Based Services. Profitieren Sie von unseren zahlreichen Erfahrungen. We We {:en}{:de}Die mehrfach ausgezeichnete Agentur in Berlin, Deutschland und Christchurch, Neuseeland f\\u00fcr f\\u00fchrende mobile L\\u00f6sungen und Location Based Services. Profitieren Sie von unseren zahlreichen Erfahrungen.{:en}Die mehrfach ausgezeichnete Agentur in Berlin, Deutschland und Christchurch, Neuseeland f\\u00fcr f\\u00fchrende mobile L\\u00f6sungen und Location Based Services. Profitieren Sie von unseren zahlreichen Erfahrungen.{:}{:}\",\"breadcrumb\":{\"@id\":\"https:\/\/www.pocketweb.de\/agentur#breadcrumb\"},\"inLanguage\":\"en-US\",\"potentialAction\":[{\"@type\":\"ReadAction\",\"target\":[\"https:\/\/www.pocketweb.de\/agentur\"]}]},{\"@type\":\"BreadcrumbList\",\"@id\":\"https:\/\/www.pocketweb.de\/agentur#breadcrumb\",\"itemListElement\":[{\"@type\":\"ListItem\",\"position\":1,\"item\":{\"@type\":\"WebPage\",\"@id\":\"https:\/\/www.pocketweb.de\/\",\"url\":\"https:\/\/www.pocketweb.de\/\",\"name\":\"Home\"}},{\"@type\":\"ListItem\",\"position\":2,\"item\":{\"@type\":\"WebPage\",\"@id\":\"https:\/\/www.pocketweb.de\/agentur\",\"url\":\"https:\/\/www.pocketweb.de\/agentur\",\"name\":\"Wir\"}}]}]}<\/script>\n<!-- \/ Yoast SEO plugin. -->","_links":{"self":[{"href":"https:\/\/www.pocketweb.de\/en\/wp-json\/wp\/v2\/pages\/15359"}],"collection":[{"href":"https:\/\/www.pocketweb.de\/en\/wp-json\/wp\/v2\/pages"}],"about":[{"href":"https:\/\/www.pocketweb.de\/en\/wp-json\/wp\/v2\/types\/page"}],"author":[{"embeddable":true,"href":"https:\/\/www.pocketweb.de\/en\/wp-json\/wp\/v2\/users\/1"}],"replies":[{"embeddable":true,"href":"https:\/\/www.pocketweb.de\/en\/wp-json\/wp\/v2\/comments?post=15359"}],"version-history":[{"count":112,"href":"https:\/\/www.pocketweb.de\/en\/wp-json\/wp\/v2\/pages\/15359\/revisions"}],"predecessor-version":[{"id":18793,"href":"https:\/\/www.pocketweb.de\/en\/wp-json\/wp\/v2\/pages\/15359\/revisions\/18793"}],"wp:attachment":[{"href":"https:\/\/www.pocketweb.de\/en\/wp-json\/wp\/v2\/media?parent=15359"}],"curies":[{"name":"wp","href":"https:\/\/api.w.org\/{rel}","templated":true}]}}