{"id":14495,"date":"2014-03-28T11:27:19","date_gmt":"2014-03-28T11:27:19","guid":{"rendered":"http:\/\/demo.qodeinteractive.com\/bridge26\/?page_id=14495"},"modified":"2026-02-11T05:23:53","modified_gmt":"2026-02-11T04:23:53","slug":"leistungen","status":"publish","type":"page","link":"https:\/\/www.pocketweb.de\/en\/leistungen","title":{"rendered":"Services"},"content":{"rendered":"<p>[vc_row css_animation=&#8221;&#8221; row_type=&#8221;row&#8221; use_row_as_full_screen_section=&#8221;yes&#8221; type=&#8221;full_width&#8221; angled_section=&#8221;no&#8221; text_align=&#8221;left&#8221; background_image=&#8221;17771&#8243; background_image_as_pattern=&#8221;without_pattern&#8221; background_color=&#8221;#0a0a0a&#8221; side_padding=&#8221;0&#8243; el_class=&#8221;pw_hero_autosize&#8221; css=&#8221;.vc_custom_1483119347226{margin-right: 0px !important;margin-left: 0px !important;padding-right: 0px !important;padding-left: 0px !important;}&#8221;][vc_column el_class=&#8221;typeContainer&#8221; css=&#8221;.vc_custom_1483036454856{margin-right: 0px !important;margin-left: 0px !important;padding-right: 0px !important;padding-left: 0px !important;}&#8221;][vc_column_text el_class=&#8221;noTypeDark&#8221;]<\/p>\n<h1>Our\u00a0<span style=\"color: #00ff00;\">mobile competence<\/span>\u00a0is\u00a0like\u00a0a red thread: starting\u00a0with design and conceptual specification,\u00a0selection of the right <span style=\"color: #00ccff;\">technology stack<\/span>,\u00a0implementation through to professional operations\u00a0and continuation of development after the initial launch.<\/h1>\n<h1>Talk to us:<\/h1>\n<h1><span class=\"s1\"><span style=\"color: #808080;\">AI:<\/span>\u00a0<b>Strategy &amp; Implementation \/ Applied Machine Learning &amp; Generative AI<\/b><\/span><\/h1>\n<h1>App development:\u00a0<span class=\"s1\"><b>native \/ hybrid\u00a0\/\u00a0<span style=\"color: #00ccff;\">ionic<\/span>\u00a0\/ iOS \/ Android \/ Windows Phone<\/b><\/span><\/h1>\n<h1 class=\"p2\"><span class=\"s1\"><b>Web development:\u00a0<\/b><\/span><span class=\"s1\"><b>responsive \/\u00a0<span style=\"color: #00ff00;\">angular<\/span>\u00a0\/\u00a0<\/b><\/span><span class=\"s2\" style=\"color: #00ccff;\"><b>react<\/b><\/span><span class=\"s1\"><b>\u00a0\/ bootstrap \/ CMS<\/b><\/span><\/h1>\n<h1 class=\"p2\"><span class=\"s1\"><b>APIs:\u00a0<\/b><\/span><span class=\"s1\"><b>JSON \/ REST \/ SOAP \/ XML<\/b><\/span><\/h1>\n<h1 class=\"p2\"><span class=\"s1\"><b>Backend development:\u00a0<\/b><\/span><span class=\"s1\"><b>high performance \/\u00a0scalable architectures \/\u00a0<\/b><\/span><span class=\"s2\" style=\"color: #00ff00;\"><b>security standards<\/b><\/span><\/h1>\n<h1 class=\"p2\"><span class=\"s1\"><b>Cloud Hosting:\u00a0<\/b><\/span><span class=\"s1\"><b>S3 \/ <span style=\"color: #00ccff;\">EC2<\/span> \/ CDNs \/ load balancing<\/b><\/span><\/h1>\n<h1 class=\"p2\"><span class=\"s1\"><b>Operations: <\/b><\/span><span class=\"s1\"><b>Hosting \/ operations \/ support \/ maintenance \/ backup\u00a0 \/ <span style=\"color: #00ccff;\">monitoring<\/span><\/b><\/span><\/h1>\n<h1 class=\"p2\"><span class=\"s1\"><b>Methodologies: <\/b><\/span><span class=\"s1\"><b>Test-Driven-Development \/ <span style=\"color: #00ccff;\">SCRUM<\/span> \/ TQM<\/b><\/span><\/h1>\n<h1 class=\"p2\"><span class=\"s1\"><b>Professional: <\/b><\/span><span class=\"s1\"><b>UI-Design \/ User Experience \/\u00a0Concepts \/ project management \/ community management \/ release\u00a0planning\/ roadmap<\/b><\/span><\/h1>\n<p>[\/vc_column_text][\/vc_column][\/vc_row][vc_row css_animation=&#8221;&#8221; row_type=&#8221;row&#8221; use_row_as_full_screen_section=&#8221;no&#8221; type=&#8221;full_width&#8221; angled_section=&#8221;no&#8221; text_align=&#8221;left&#8221; background_image_as_pattern=&#8221;without_pattern&#8221;][vc_column][vc_column_text]<\/p>\n<p>[\/vc_column_text][\/vc_column][\/vc_row][vc_row css_animation=&#8221;&#8221; row_type=&#8221;row&#8221; use_row_as_full_screen_section=&#8221;no&#8221; type=&#8221;full_width&#8221; angled_section=&#8221;no&#8221; text_align=&#8221;left&#8221; background_image=&#8221;17670&#8243; background_image_as_pattern=&#8221;without_pattern&#8221; side_padding=&#8221;0&#8243; css=&#8221;.vc_custom_1487347626254{margin-right: 0px !important;margin-left: 0px !important;padding-right: 0px !important;padding-left: 0px !important;}&#8221; el_class=&#8221;addToFooter&#8221;][vc_column css=&#8221;.vc_custom_1483534499075{margin-right: 0px !important;margin-left: 0px !important;padding-right: 0px !important;padding-left: 0px !important;}&#8221; el_class=&#8221;h1Container&#8221;][vc_column_text css=&#8221;.vc_custom_1617935598227{margin-top: 60px !important;margin-right: 0px !important;margin-bottom: 60px !important;margin-left: 0px !important;padding-top: 0px !important;padding-right: 0px !important;padding-left: 0px !important;}&#8221;]<\/p>\n<h1 style=\"text-align: center;\"><strong><span style=\"font-family: Karla, sans-serif;\"><span style=\"color: #ffffff;\">Contact us<\/span><\/span><\/strong><strong><span style=\"font-family: Karla, sans-serif;\"><span style=\"color: #ffffff;\">:<\/span> <a href=\"mailto:letsstart@pocketweb.de\"><span style=\"color: #98fc31;\">letsstart@pocketweb.de<\/span><\/a><\/span><\/strong><\/h1>\n<p>[\/vc_column_text][\/vc_column][\/vc_row]<\/p>","protected":false},"excerpt":{"rendered":"<p>[vc_row css_animation=&#8221;&#8221; row_type=&#8221;row&#8221; use_row_as_full_screen_section=&#8221;yes&#8221; type=&#8221;full_width&#8221; angled_section=&#8221;no&#8221; text_align=&#8221;left&#8221; background_image=&#8221;17771&#8243; background_image_as_pattern=&#8221;without_pattern&#8221; background_color=&#8221;#0a0a0a&#8221; side_padding=&#8221;0&#8243; el_class=&#8221;pw_hero_autosize&#8221; css=&#8221;.vc_custom_1483119347226{margin-right: 0px !important;margin-left: 0px !important;padding-right: 0px !important;padding-left: 0px !important;}&#8221;][vc_column el_class=&#8221;typeContainer&#8221; css=&#8221;.vc_custom_1483036454856{margin-right: 0px !important;margin-left: 0px !important;padding-right: 0px !important;padding-left: 0px !important;}&#8221;][vc_column_text el_class=&#8221;noTypeDark&#8221;] Our\u00a0mobile competence\u00a0is\u00a0like\u00a0a red thread: starting\u00a0with design and conceptual specification,\u00a0selection of the right technology&#8230;<\/p>\n","protected":false},"author":1,"featured_media":0,"parent":0,"menu_order":0,"comment_status":"open","ping_status":"closed","template":"full_width.php","meta":[],"yoast_head":"<!-- This site is optimized with the Yoast SEO plugin v16.1.1 - https:\/\/yoast.com\/wordpress\/plugins\/seo\/ -->\n<title>Unsere Leistungen f\u00fcr erfolgreiche Apps.<\/title>\n<meta name=\"description\" content=\"Leistungen von Pocketweb umfassen Konzeption, Design, Entwicklung und Betrieb von Apps und server-basierter L\u00f6sungen f\u00fcr iOS-Ger\u00e4te, Android-Ger\u00e4te und Web.\" \/>\n<link rel=\"canonical\" href=\"https:\/\/www.pocketweb.de\/leistungen\" \/>\n<meta property=\"og:locale\" content=\"en_US\" \/>\n<meta property=\"og:type\" content=\"article\" \/>\n<meta property=\"og:title\" content=\"Unsere Leistungen f\u00fcr erfolgreiche Apps.\" \/>\n<meta property=\"og:description\" content=\"Leistungen von Pocketweb umfassen Konzeption, Design, Entwicklung und Betrieb von Apps und server-basierter L\u00f6sungen f\u00fcr iOS-Ger\u00e4te, Android-Ger\u00e4te und Web.\" \/>\n<meta property=\"og:url\" content=\"https:\/\/www.pocketweb.de\/leistungen\" \/>\n<meta property=\"og:site_name\" content=\"Pocketweb\" \/>\n<meta property=\"article:publisher\" content=\"http:\/\/www.facebook.com\/pages\/Pocketweb\/112679875426520?ref=mf\" \/>\n<meta property=\"article:modified_time\" content=\"2026-02-11T04:23:53+00:00\" \/>\n<meta name=\"twitter:label1\" content=\"Est. reading time\">\n\t<meta name=\"twitter:data1\" content=\"1 minute\">\n<script type=\"application\/ld+json\" class=\"yoast-schema-graph\">{\"@context\":\"https:\/\/schema.org\",\"@graph\":[{\"@type\":\"Organization\",\"@id\":\"https:\/\/www.pocketweb.de\/en\/#organization\",\"name\":\"Pocketweb GmbH\",\"url\":\"https:\/\/www.pocketweb.de\/en\/\",\"sameAs\":[\"http:\/\/www.facebook.com\/pages\/Pocketweb\/112679875426520?ref=mf\",\"https:\/\/twitter.com\/pocketweb_tweet\"],\"logo\":{\"@type\":\"ImageObject\",\"@id\":\"https:\/\/www.pocketweb.de\/en\/#logo\",\"inLanguage\":\"en-US\",\"url\":\"https:\/\/pocketweb.de\/wp-content\/uploads\/2014\/07\/pocketweb-logo-72dpi.jpg\",\"contentUrl\":\"https:\/\/pocketweb.de\/wp-content\/uploads\/2014\/07\/pocketweb-logo-72dpi.jpg\",\"width\":169,\"height\":33,\"caption\":\"Pocketweb GmbH\"},\"image\":{\"@id\":\"https:\/\/www.pocketweb.de\/en\/#logo\"}},{\"@type\":\"WebSite\",\"@id\":\"https:\/\/www.pocketweb.de\/en\/#website\",\"url\":\"https:\/\/www.pocketweb.de\/en\/\",\"name\":\"Pocketweb\",\"description\":\"App Entwicklung\",\"publisher\":{\"@id\":\"https:\/\/www.pocketweb.de\/en\/#organization\"},\"potentialAction\":[{\"@type\":\"SearchAction\",\"target\":\"https:\/\/www.pocketweb.de\/en\/?s={search_term_string}\",\"query-input\":\"required name=search_term_string\"}],\"inLanguage\":\"en-US\"},{\"@type\":\"WebPage\",\"@id\":\"https:\/\/www.pocketweb.de\/leistungen#webpage\",\"url\":\"https:\/\/www.pocketweb.de\/leistungen\",\"name\":\"Unsere Leistungen f\\u00fcr erfolgreiche Apps.\",\"isPartOf\":{\"@id\":\"https:\/\/www.pocketweb.de\/en\/#website\"},\"datePublished\":\"2014-03-28T11:27:19+00:00\",\"dateModified\":\"2026-02-11T04:23:53+00:00\",\"description\":\"Leistungen von Pocketweb umfassen Konzeption, Design, Entwicklung und Betrieb von Apps und server-basierter L\\u00f6sungen f\\u00fcr iOS-Ger\\u00e4te, Android-Ger\\u00e4te und Web.\",\"breadcrumb\":{\"@id\":\"https:\/\/www.pocketweb.de\/leistungen#breadcrumb\"},\"inLanguage\":\"en-US\",\"potentialAction\":[{\"@type\":\"ReadAction\",\"target\":[\"https:\/\/www.pocketweb.de\/leistungen\"]}]},{\"@type\":\"BreadcrumbList\",\"@id\":\"https:\/\/www.pocketweb.de\/leistungen#breadcrumb\",\"itemListElement\":[{\"@type\":\"ListItem\",\"position\":1,\"item\":{\"@type\":\"WebPage\",\"@id\":\"https:\/\/www.pocketweb.de\/\",\"url\":\"https:\/\/www.pocketweb.de\/\",\"name\":\"Home\"}},{\"@type\":\"ListItem\",\"position\":2,\"item\":{\"@type\":\"WebPage\",\"@id\":\"https:\/\/www.pocketweb.de\/leistungen\",\"url\":\"https:\/\/www.pocketweb.de\/leistungen\",\"name\":\"Dienstleistungen\"}}]}]}<\/script>\n<!-- \/ Yoast SEO plugin. -->","_links":{"self":[{"href":"https:\/\/www.pocketweb.de\/en\/wp-json\/wp\/v2\/pages\/14495"}],"collection":[{"href":"https:\/\/www.pocketweb.de\/en\/wp-json\/wp\/v2\/pages"}],"about":[{"href":"https:\/\/www.pocketweb.de\/en\/wp-json\/wp\/v2\/types\/page"}],"author":[{"embeddable":true,"href":"https:\/\/www.pocketweb.de\/en\/wp-json\/wp\/v2\/users\/1"}],"replies":[{"embeddable":true,"href":"https:\/\/www.pocketweb.de\/en\/wp-json\/wp\/v2\/comments?post=14495"}],"version-history":[{"count":73,"href":"https:\/\/www.pocketweb.de\/en\/wp-json\/wp\/v2\/pages\/14495\/revisions"}],"predecessor-version":[{"id":18990,"href":"https:\/\/www.pocketweb.de\/en\/wp-json\/wp\/v2\/pages\/14495\/revisions\/18990"}],"wp:attachment":[{"href":"https:\/\/www.pocketweb.de\/en\/wp-json\/wp\/v2\/media?parent=14495"}],"curies":[{"name":"wp","href":"https:\/\/api.w.org\/{rel}","templated":true}]}}